{"id":21,"date":"2015-03-15T18:53:49","date_gmt":"2015-03-15T18:53:49","guid":{"rendered":"http:\/\/www.elbadreaming.it\/homeen-2\/"},"modified":"2019-02-11T12:59:03","modified_gmt":"2019-02-11T12:59:03","slug":"home","status":"publish","type":"page","link":"https:\/\/www.elbadreaming.it\/it\/","title":{"rendered":"Home"},"content":{"rendered":"<p><span class=\"dropcap1\">E<\/span>lba Dreaming vi da il benvenuto nella vostra casa all\u2019Isola d\u2019Elba.<\/p>\n<p>Con le sue meravigliose spiagge e il suo mare cristallino, l\u2019Isola d\u2019Elba \u00e8 una delle pi\u00f9 famose e ricercate localit\u00e0 balneari italiane.<\/p>\n<div class=\"panel \">\n<div class=\"panel-body\">\n<div class=\"row\">\n<div class=\"col-sm-6 col-md-6\">Marina di Campo \u00e8 probabilmente la localit\u00e0 turistica pi\u00f9 famosa dell\u2019Isola d\u2019Elba: ha tutto il fascino di un piccolo villaggio di pescatori, con persone amichevoli, una vista mozzafiato e ottimi ristoranti dove provare la squisita cucina locale. Il cuore del paese \u00e8 il porticciolo turistico, dove \u00e8 possibile camminare lungo il molo perdendosi ad osservare il meraviglioso panorama o anche decidere di noleggiare una barca e prendere il largo.<\/div>\n<div class=\"col-sm-6 col-md-6\">Nei pressi di Marina di Campo ci sono circa 20 spiagge, abbastanza per soddisfare tutti i gusti: spiagge di sabbia come quella di Marina di Campo, Fetovaia o Cavoli, scogli e ghiaia come Fonza.<br \/>\nOppure, per chi preferisce un\u2019esperienza pi\u00f9 intima, suggeriamo di noleggiare un pedal\u00f2 e scoprire le molte calette e insenature, lontane dalle mete pi\u00f9 popolari.<\/div>\n<\/div>\n<\/div>\n<\/div>\n<p>I nostri appartamenti, tutti decorati con gusto e completi di ogni comfort, sono situati a Marina di Campo, vicino alla pineta e a soli 100 metri dalla spiaggia di sabbia dorata che, con i suoi 2 km di estensione, \u00e8 una delle pi\u00f9 belle e vaste dell\u2019Isola.<\/p>\n<div class=\"weather_block clearfix\">\n<div class=\"wcol wcol-title\">\n<div class=\"wcol-head\"><\/div>\n<div class=\"wcol-mid\"><strong>7 GIORNI METEO<\/strong><br \/>\n                                    <a href=\"\" class=\"weather_switch celsius\"><span>CONVERTI A <\/span><br \/>\n                                        <span class=\"farenh\">F&deg;<\/span><br \/>\n                                    <\/a>\n                                <\/div>\n<div class=\"wcol-bot\"><span class=\"weather-location\">Campo nell&#8217;Elba, IT<\/span><\/div>\n<\/p><\/div>\n<div class=\"wcol wcol-1\">\n<div class=\"wcol-head\">OGGI<\/div>\n<div class=\"wcol-mid\">\n                                        <img decoding=\"async\" src=\"https:\/\/www.elbadreaming.it\/wp-content\/themes\/paradise-cove-parent\/images\/icons\/clear.png\" alt=\"\"\/>\n                                    <\/div>\n<div class=\"wcol-bot\"><span class=\"show_degrees \">19.39<\/span><span class=\"days_degrees celsius\">&deg;C<\/span><\/div>\n<\/p><\/div>\n<div class=\"wcol wcol-2\">\n<div class=\"wcol-head\">VENERDI<\/div>\n<div class=\"wcol-mid\">\n                                        <img decoding=\"async\" src=\"https:\/\/www.elbadreaming.it\/wp-content\/themes\/paradise-cove-parent\/images\/icons\/clear.png\" alt=\"\"\/>\n                                    <\/div>\n<div class=\"wcol-bot\"><span class=\"show_degrees \">16.98<\/span><span class=\"days_degrees celsius\">&deg;C<\/span><\/div>\n<\/p><\/div>\n<div class=\"wcol wcol-3\">\n<div class=\"wcol-head\">SABATO<\/div>\n<div class=\"wcol-mid\">\n                                        <img decoding=\"async\" src=\"https:\/\/www.elbadreaming.it\/wp-content\/themes\/paradise-cove-parent\/images\/icons\/clouds.png\" alt=\"\"\/>\n                                    <\/div>\n<div class=\"wcol-bot\"><span class=\"show_degrees \">17.31<\/span><span class=\"days_degrees celsius\">&deg;C<\/span><\/div>\n<\/p><\/div>\n<div class=\"wcol wcol-4\">\n<div class=\"wcol-head\">DOMENICA<\/div>\n<div class=\"wcol-mid\">\n                                        <img decoding=\"async\" src=\"https:\/\/www.elbadreaming.it\/wp-content\/themes\/paradise-cove-parent\/images\/icons\/clouds.png\" alt=\"\"\/>\n                                    <\/div>\n<div class=\"wcol-bot\"><span class=\"show_degrees \">17.15<\/span><span class=\"days_degrees celsius\">&deg;C<\/span><\/div>\n<\/p><\/div>\n<div class=\"wcol wcol-5\">\n<div class=\"wcol-head\">LUNEDI<\/div>\n<div class=\"wcol-mid\">\n                                        <img decoding=\"async\" src=\"https:\/\/www.elbadreaming.it\/wp-content\/themes\/paradise-cove-parent\/images\/icons\/weather_icon_6.png\" alt=\"\"\/>\n                                    <\/div>\n<div class=\"wcol-bot\"><span class=\"show_degrees \">16.6<\/span><span class=\"days_degrees celsius\">&deg;C<\/span><\/div>\n<\/p><\/div>\n<div class=\"wcol wcol-6\">\n<div class=\"wcol-head\">MARTEDI<\/div>\n<div class=\"wcol-mid\">\n                                        <img decoding=\"async\" src=\"https:\/\/www.elbadreaming.it\/wp-content\/themes\/paradise-cove-parent\/images\/icons\/clouds.png\" alt=\"\"\/>\n                                    <\/div>\n<div class=\"wcol-bot\"><span class=\"show_degrees \">16.06<\/span><span class=\"days_degrees celsius\">&deg;C<\/span><\/div>\n<\/p><\/div>\n<div class=\"wcol wcol-7\">\n<div class=\"wcol-head\">MERCOLEDI<\/div>\n<div class=\"wcol-mid\">\n                                        <img decoding=\"async\" src=\"https:\/\/www.elbadreaming.it\/wp-content\/themes\/paradise-cove-parent\/images\/icons\/weather_icon_6.png\" alt=\"\"\/>\n                                    <\/div>\n<div class=\"wcol-bot\"><span class=\"show_degrees \">15.78<\/span><span class=\"days_degrees celsius\">&deg;C<\/span><\/div>\n<\/p><\/div>\n<\/div>\n","protected":false},"excerpt":{"rendered":"<p>lba Dreaming vi da il benvenuto nella vostra casa all\u2019Isola d\u2019Elba. Con le sue meravigliose spiagge e il suo mare cristallino, l\u2019Isola d\u2019Elba \u00e8 una delle pi\u00f9 famose e ricercate localit\u00e0 balneari italiane. I nostri appartamenti, tutti decorati con gusto e completi di ogni comfort, sono situati a Marina di<\/p>\n","protected":false},"author":1,"featured_media":0,"parent":0,"menu_order":0,"comment_status":"open","ping_status":"closed","template":"template-page-full.php","meta":{"footnotes":""},"class_list":["post-21","page","type-page","status-publish","hentry"],"brizy_media":[],"_links":{"self":[{"href":"https:\/\/www.elbadreaming.it\/it\/wp-json\/wp\/v2\/pages\/21","targetHints":{"allow":["GET"]}}],"collection":[{"href":"https:\/\/www.elbadreaming.it\/it\/wp-json\/wp\/v2\/pages"}],"about":[{"href":"https:\/\/www.elbadreaming.it\/it\/wp-json\/wp\/v2\/types\/page"}],"author":[{"embeddable":true,"href":"https:\/\/www.elbadreaming.it\/it\/wp-json\/wp\/v2\/users\/1"}],"replies":[{"embeddable":true,"href":"https:\/\/www.elbadreaming.it\/it\/wp-json\/wp\/v2\/comments?post=21"}],"version-history":[{"count":11,"href":"https:\/\/www.elbadreaming.it\/it\/wp-json\/wp\/v2\/pages\/21\/revisions"}],"predecessor-version":[{"id":2839,"href":"https:\/\/www.elbadreaming.it\/it\/wp-json\/wp\/v2\/pages\/21\/revisions\/2839"}],"wp:attachment":[{"href":"https:\/\/www.elbadreaming.it\/it\/wp-json\/wp\/v2\/media?parent=21"}],"curies":[{"name":"wp","href":"https:\/\/api.w.org\/{rel}","templated":true}]}}