{"id":1395,"date":"2015-04-12T18:32:07","date_gmt":"2015-04-12T18:32:07","guid":{"rendered":"http:\/\/www.elbadreaming.it\/?page_id=1395"},"modified":"2026-02-01T22:59:10","modified_gmt":"2026-02-01T22:59:10","slug":"bleib-bei-uns","status":"publish","type":"page","link":"https:\/\/www.elbadreaming.it\/de\/bleib-bei-uns\/","title":{"rendered":"Bleib bei uns"},"content":{"rendered":"<p>Check-in am Samstag von 17:00 bis 19:00 Uhr<br \/>\nCheck-out am Samstag von 08:00 bis 09:00 Uhr<\/p>\n<p>Eine Kaution bei der Ankunft zu zahlen<\/p>\n<div class=\"styled_table table-black styled_table\" >\n<table class=\"table\">\n<thead>\n<tr>\n<th>Alessio<\/th>\n<th>Peppidora<\/th>\n<th>Pippo<\/th>\n<th>Manuela<\/th>\n<\/tr>\n<\/thead>\n<tbody>\n<tr>\n<td>\u20ac200<\/td>\n<td>\u20ac300<\/td>\n<td>\u20ac200<\/td>\n<td>\u20ac200<\/td>\n<\/tr>\n<\/tbody>\n<\/table>\n<\/div>\n<p>Reinigungs- und Nebenkosten f\u00fcr die erste Woche sind<\/p>\n<div class=\"styled_table table-black styled_table\" >\n<table class=\"table\">\n<thead>\n<tr>\n<th>Alessio<\/th>\n<th>Peppidora<\/th>\n<th>Pippo<\/th>\n<th>Manuela<\/th>\n<\/tr>\n<\/thead>\n<tbody>\n<tr>\n<td>\u20ac180<\/td>\n<td>\u20ac200<\/td>\n<td>\u20ac150<\/td>\n<td>\u20ac120<\/td>\n<\/tr>\n<\/tbody>\n<\/table>\n<\/div>\n<p>Die folgenden Wochen kosten dann jeweils 60 \u20ac<\/p>\n<div>\n<div>Bettw\u00e4sche: nicht vorhanden. M\u00f6glichkeit, die Miete bei einer zertifizierten W\u00e4scherei zu buchen<\/div>\n<div><\/div>\n<div><\/div>\n<div>Haustiere: auf Anfrage erlaubt, maximal eins pro Apartment. 80,00 \u20ac f\u00fcr die erste Woche, 50,00 \u20ac f\u00fcr die Folgewoche<\/div>\n<div><\/div>\n<div><\/div>\n<div>INKLUSIVE DIENSTLEISTUNGEN:<\/div>\n<ul>\n<li>\n<div>1 Parkplatz pro Wohnung<\/div>\n<\/li>\n<li>\n<div>1 Fahrrad pro Wohnung<\/div>\n<\/li>\n<li>\n<div>gemeinsamer Grillplatz<\/div>\n<\/li>\n<li>\n<div>Au\u00dfendusche<\/div>\n<\/li>\n<li>\n<div>WIFI-Internet<\/div>\n<\/li>\n<li>\n<div>Klimaanlage<\/div>\n<\/li>\n<\/ul>\n<div><\/div>\n<\/div>\n","protected":false},"excerpt":{"rendered":"<p>Check-in am Samstag von 17:00 bis 19:00 Uhr Check-out am Samstag von 08:00 bis 09:00 Uhr Eine Kaution bei der Ankunft zu zahlen Reinigungs- und Nebenkosten f\u00fcr die erste Woche sind Die folgenden Wochen kosten dann jeweils 60 \u20ac Bettw\u00e4sche: nicht vorhanden. M\u00f6glichkeit, die Miete bei einer zertifizierten W\u00e4scherei zu<\/p>\n","protected":false},"author":1,"featured_media":0,"parent":0,"menu_order":0,"comment_status":"closed","ping_status":"closed","template":"","meta":{"footnotes":""},"class_list":["post-1395","page","type-page","status-publish","hentry"],"brizy_media":[],"_links":{"self":[{"href":"https:\/\/www.elbadreaming.it\/de\/wp-json\/wp\/v2\/pages\/1395","targetHints":{"allow":["GET"]}}],"collection":[{"href":"https:\/\/www.elbadreaming.it\/de\/wp-json\/wp\/v2\/pages"}],"about":[{"href":"https:\/\/www.elbadreaming.it\/de\/wp-json\/wp\/v2\/types\/page"}],"author":[{"embeddable":true,"href":"https:\/\/www.elbadreaming.it\/de\/wp-json\/wp\/v2\/users\/1"}],"replies":[{"embeddable":true,"href":"https:\/\/www.elbadreaming.it\/de\/wp-json\/wp\/v2\/comments?post=1395"}],"version-history":[{"count":8,"href":"https:\/\/www.elbadreaming.it\/de\/wp-json\/wp\/v2\/pages\/1395\/revisions"}],"predecessor-version":[{"id":3123,"href":"https:\/\/www.elbadreaming.it\/de\/wp-json\/wp\/v2\/pages\/1395\/revisions\/3123"}],"wp:attachment":[{"href":"https:\/\/www.elbadreaming.it\/de\/wp-json\/wp\/v2\/media?parent=1395"}],"curies":[{"name":"wp","href":"https:\/\/api.w.org\/{rel}","templated":true}]}}